{"id":394,"date":"2021-03-03T02:25:52","date_gmt":"2021-03-03T02:25:52","guid":{"rendered":"https:\/\/anaferrazflute.com\/index.php\/biography\/"},"modified":"2023-11-13T22:08:29","modified_gmt":"2023-11-13T22:08:29","slug":"biography","status":"publish","type":"page","link":"https:\/\/anaferrazflute.com\/index.php\/biography\/","title":{"rendered":"Biography"},"content":{"rendered":"\t\t<div data-elementor-type=\"wp-page\" data-elementor-id=\"394\" class=\"elementor elementor-394\">\n\t\t\t\t\t\t\t\t\t<section class=\"elementor-section elementor-top-section elementor-element elementor-element-d8d5da8 elementor-section-boxed elementor-section-height-default elementor-section-height-default\" data-id=\"d8d5da8\" data-element_type=\"section\">\n\t\t\t\t\t\t<div class=\"elementor-container elementor-column-gap-no\">\n\t\t\t\t\t<div class=\"elementor-column elementor-col-100 elementor-top-column elementor-element elementor-element-5d02d36\" data-id=\"5d02d36\" data-element_type=\"column\">\n\t\t\t<div class=\"elementor-widget-wrap elementor-element-populated\">\n\t\t\t\t\t\t\t\t<div class=\"elementor-element elementor-element-c797f68 elementor-widget elementor-widget-heading\" data-id=\"c797f68\" data-element_type=\"widget\" data-widget_type=\"heading.default\">\n\t\t\t\t<div class=\"elementor-widget-container\">\n\t\t\t<style>\/*! elementor - v3.17.0 - 08-11-2023 *\/\n.elementor-heading-title{padding:0;margin:0;line-height:1}.elementor-widget-heading .elementor-heading-title[class*=elementor-size-]>a{color:inherit;font-size:inherit;line-height:inherit}.elementor-widget-heading .elementor-heading-title.elementor-size-small{font-size:15px}.elementor-widget-heading .elementor-heading-title.elementor-size-medium{font-size:19px}.elementor-widget-heading .elementor-heading-title.elementor-size-large{font-size:29px}.elementor-widget-heading .elementor-heading-title.elementor-size-xl{font-size:39px}.elementor-widget-heading .elementor-heading-title.elementor-size-xxl{font-size:59px}<\/style><h1 class=\"elementor-heading-title elementor-size-default\">Biography<\/h1>\t\t<\/div>\n\t\t\t\t<\/div>\n\t\t\t\t<div class=\"elementor-element elementor-element-3e8c75f elementor-widget elementor-widget-image\" data-id=\"3e8c75f\" data-element_type=\"widget\" data-widget_type=\"image.default\">\n\t\t\t\t<div class=\"elementor-widget-container\">\n\t\t\t<style>\/*! elementor - v3.17.0 - 08-11-2023 *\/\n.elementor-widget-image{text-align:center}.elementor-widget-image a{display:inline-block}.elementor-widget-image a img[src$=\".svg\"]{width:48px}.elementor-widget-image img{vertical-align:middle;display:inline-block}<\/style>\t\t\t\t\t\t\t\t\t\t\t\t<img decoding=\"async\" src=\"https:\/\/anaferrazflute.com\/wp-content\/uploads\/elementor\/thumbs\/AF-3551-min-min-scaled-qf9tcjc3v38trbwka5jhk6884w20eqw8plpsyx46dy.jpg\" title=\"AF-3551-min-min\" alt=\"AF-3551-min-min\" loading=\"lazy\" \/>\t\t\t\t\t\t\t\t\t\t\t\t\t\t\t<\/div>\n\t\t\t\t<\/div>\n\t\t\t\t<section class=\"elementor-section elementor-inner-section elementor-element elementor-element-5b53ec6 elementor-section-boxed elementor-section-height-default elementor-section-height-default\" data-id=\"5b53ec6\" data-element_type=\"section\">\n\t\t\t\t\t\t<div class=\"elementor-container elementor-column-gap-no\">\n\t\t\t\t\t<div class=\"elementor-column elementor-col-100 elementor-inner-column elementor-element elementor-element-aa70106\" data-id=\"aa70106\" data-element_type=\"column\">\n\t\t\t<div class=\"elementor-widget-wrap elementor-element-populated\">\n\t\t\t\t\t\t\t\t<div class=\"elementor-element elementor-element-a6633ba elementor-widget elementor-widget-heading\" data-id=\"a6633ba\" data-element_type=\"widget\" data-widget_type=\"heading.default\">\n\t\t\t\t<div class=\"elementor-widget-container\">\n\t\t\t<h2 class=\"elementor-heading-title elementor-size-default\">One of the most Promising Flute players from her generation<\/h2>\t\t<\/div>\n\t\t\t\t<\/div>\n\t\t\t\t<div class=\"elementor-element elementor-element-a9fd274 elementor-widget__width-initial elementor-widget elementor-widget-text-editor\" data-id=\"a9fd274\" data-element_type=\"widget\" data-widget_type=\"text-editor.default\">\n\t\t\t\t<div class=\"elementor-widget-container\">\n\t\t\t<style>\/*! elementor - v3.17.0 - 08-11-2023 *\/\n.elementor-widget-text-editor.elementor-drop-cap-view-stacked .elementor-drop-cap{background-color:#69727d;color:#fff}.elementor-widget-text-editor.elementor-drop-cap-view-framed .elementor-drop-cap{color:#69727d;border:3px solid;background-color:transparent}.elementor-widget-text-editor:not(.elementor-drop-cap-view-default) .elementor-drop-cap{margin-top:8px}.elementor-widget-text-editor:not(.elementor-drop-cap-view-default) .elementor-drop-cap-letter{width:1em;height:1em}.elementor-widget-text-editor .elementor-drop-cap{float:left;text-align:center;line-height:1;font-size:50px}.elementor-widget-text-editor .elementor-drop-cap-letter{display:inline-block}<\/style>\t\t\t\t<p>Ana is a Portuguese flute player better known her deep dark sound and her strong stage presence.<\/p><p>Ana is a regular presence in some of the most proeminent European Festivals such as Musicvrein Festival, Salzburg Festival, Bolzano Festival, Ravelo Festival, Saarbrucken Festival, InClassica Festival Dubai, Santander Festival, Porto PianoFest or Pharos Arts Foundation Festival where Ana was able to perform in-stage alongside Misha Maisky, Daishin Kashimoto and Andrey Baranov.<\/p><p>Ana collaborates regularly with Berliner Kammer-Philarmonie, where she has been First Flute since 2022. She is also collaborating with Maestro Antonio Vitorino D&#8217;Almeida GAUDEAMOS Project.<\/p><p>Ana has a recognition by Her Majesty Queen Do\u00f1a Sofia of Spain as the &#8220;most outstanding student&#8221; of the 2021-2022 flute course.<\/p><p>Ana is currently on the second year of her PhD in Artistic Studies at the Faculty of Letters of Universidade de Coimbra.<\/p>\t\t\t\t\t\t<\/div>\n\t\t\t\t<\/div>\n\t\t\t\t<div class=\"elementor-element elementor-element-95f9afd elementor-widget elementor-widget-image-box\" data-id=\"95f9afd\" data-element_type=\"widget\" data-widget_type=\"image-box.default\">\n\t\t\t\t<div class=\"elementor-widget-container\">\n\t\t\t<style>\/*! elementor - v3.17.0 - 08-11-2023 *\/\n.elementor-widget-image-box .elementor-image-box-content{width:100%}@media (min-width:768px){.elementor-widget-image-box.elementor-position-left .elementor-image-box-wrapper,.elementor-widget-image-box.elementor-position-right .elementor-image-box-wrapper{display:flex}.elementor-widget-image-box.elementor-position-right .elementor-image-box-wrapper{text-align:right;flex-direction:row-reverse}.elementor-widget-image-box.elementor-position-left .elementor-image-box-wrapper{text-align:left;flex-direction:row}.elementor-widget-image-box.elementor-position-top .elementor-image-box-img{margin:auto}.elementor-widget-image-box.elementor-vertical-align-top .elementor-image-box-wrapper{align-items:flex-start}.elementor-widget-image-box.elementor-vertical-align-middle .elementor-image-box-wrapper{align-items:center}.elementor-widget-image-box.elementor-vertical-align-bottom .elementor-image-box-wrapper{align-items:flex-end}}@media (max-width:767px){.elementor-widget-image-box .elementor-image-box-img{margin-left:auto!important;margin-right:auto!important;margin-bottom:15px}}.elementor-widget-image-box .elementor-image-box-img{display:inline-block}.elementor-widget-image-box .elementor-image-box-title a{color:inherit}.elementor-widget-image-box .elementor-image-box-wrapper{text-align:center}.elementor-widget-image-box .elementor-image-box-description{margin:0}<\/style><div class=\"elementor-image-box-wrapper\"><div class=\"elementor-image-box-content\"><h3 class=\"elementor-image-box-title\">2013<\/h3><p class=\"elementor-image-box-description\">Won the prize for best student in the instrumentalist course in ARTAVE - Escola Profissional Art\u00edstica do Vale do Ave, Santo Tirso, Portugal.<\/p><\/div><\/div>\t\t<\/div>\n\t\t\t\t<\/div>\n\t\t\t\t<div class=\"elementor-element elementor-element-f24a93c elementor-widget elementor-widget-image-box\" data-id=\"f24a93c\" data-element_type=\"widget\" data-widget_type=\"image-box.default\">\n\t\t\t\t<div class=\"elementor-widget-container\">\n\t\t\t<div class=\"elementor-image-box-wrapper\"><div class=\"elementor-image-box-content\"><h3 class=\"elementor-image-box-title\">2013-2016<\/h3><p class=\"elementor-image-box-description\">Joined the Michael Bellevance class at HEM Gen\u00e8ve, Switzerland, where she finished her degree with the highest marks and the jury's distinction at the final recital, as a scholarship student of the Fondation H\u00e9l\u00e8ne et Victor Barbour<\/p><\/div><\/div>\t\t<\/div>\n\t\t\t\t<\/div>\n\t\t\t\t<div class=\"elementor-element elementor-element-db834d9 elementor-widget elementor-widget-image-box\" data-id=\"db834d9\" data-element_type=\"widget\" data-widget_type=\"image-box.default\">\n\t\t\t\t<div class=\"elementor-widget-container\">\n\t\t\t<div class=\"elementor-image-box-wrapper\"><div class=\"elementor-image-box-content\"><h3 class=\"elementor-image-box-title\">2016-2018<\/h3><p class=\"elementor-image-box-description\">Continued her studies with Julien Beaudiment at the Conservatoire National Sup\u00e9rieur de Misique et Danse de Lyon, France, with a scholarship from the Clouste Gulbenkian Foundatian. Here, Ana completed her master's degree in performance with a mention from the jury: \"Tr\u00e9s Bien \u00e0 lunanimit\u00e9\". <\/p><\/div><\/div>\t\t<\/div>\n\t\t\t\t<\/div>\n\t\t\t\t<div class=\"elementor-element elementor-element-4eca338 elementor-widget elementor-widget-image-box\" data-id=\"4eca338\" data-element_type=\"widget\" data-widget_type=\"image-box.default\">\n\t\t\t\t<div class=\"elementor-widget-container\">\n\t\t\t<div class=\"elementor-image-box-wrapper\"><div class=\"elementor-image-box-content\"><h3 class=\"elementor-image-box-title\">2019<\/h3><p class=\"elementor-image-box-description\">Studied with Vinces Prats at Escuela Superior de M\u00fasia de Catalonia in Barcelona, Spain. In this year, Ana was also selected as 1st flute of the Gustav Mahler Jugenorchester where she was resident until 2021.<\/p><\/div><\/div>\t\t<\/div>\n\t\t\t\t<\/div>\n\t\t\t\t<div class=\"elementor-element elementor-element-987ab64 elementor-widget elementor-widget-image-box\" data-id=\"987ab64\" data-element_type=\"widget\" data-widget_type=\"image-box.default\">\n\t\t\t\t<div class=\"elementor-widget-container\">\n\t\t\t<div class=\"elementor-image-box-wrapper\"><div class=\"elementor-image-box-content\"><h3 class=\"elementor-image-box-title\">2020-2022<\/h3><p class=\"elementor-image-box-description\">Ana chose the Escuela Superior Reina Sofia in Madrid, Spain, for a postgraduate course with Jacques Zoon. She ended up being recognized by Her Majesty Queen Do\u00f1a Sofia as \"the most outstanding student\" of the 2021-2022 course. Ana received support from the Santander Portugal Foundation (2020-2021) and EDP Foundation (2022).<\/p><\/div><\/div>\t\t<\/div>\n\t\t\t\t<\/div>\n\t\t\t\t\t<\/div>\n\t\t<\/div>\n\t\t\t\t\t\t\t<\/div>\n\t\t<\/section>\n\t\t\t\t\t<\/div>\n\t\t<\/div>\n\t\t\t\t\t\t\t<\/div>\n\t\t<\/section>\n\t\t\t\t<section class=\"elementor-section elementor-top-section elementor-element elementor-element-a2115c6 elementor-section-full_width elementor-section-content-middle elementor-section-height-default elementor-section-height-default\" data-id=\"a2115c6\" data-element_type=\"section\">\n\t\t\t\t\t\t<div class=\"elementor-container elementor-column-gap-wide\">\n\t\t\t\t\t<div class=\"elementor-column elementor-col-20 elementor-top-column elementor-element elementor-element-cb926b8\" data-id=\"cb926b8\" data-element_type=\"column\">\n\t\t\t<div class=\"elementor-widget-wrap elementor-element-populated\">\n\t\t\t\t\t\t\t\t<div class=\"elementor-element elementor-element-523eef0 elementor-widget elementor-widget-image\" data-id=\"523eef0\" data-element_type=\"widget\" data-widget_type=\"image.default\">\n\t\t\t\t<div class=\"elementor-widget-container\">\n\t\t\t\t\t\t\t\t\t\t\t\t\t\t\t<img fetchpriority=\"high\" decoding=\"async\" width=\"300\" height=\"239\" src=\"https:\/\/anaferrazflute.com\/wp-content\/uploads\/2023\/11\/JST_4152-300x239.jpg\" class=\"attachment-medium size-medium wp-image-801\" alt=\"\" srcset=\"https:\/\/anaferrazflute.com\/wp-content\/uploads\/2023\/11\/JST_4152-300x239.jpg 300w, https:\/\/anaferrazflute.com\/wp-content\/uploads\/2023\/11\/JST_4152-1024x815.jpg 1024w, https:\/\/anaferrazflute.com\/wp-content\/uploads\/2023\/11\/JST_4152-768x612.jpg 768w, https:\/\/anaferrazflute.com\/wp-content\/uploads\/2023\/11\/JST_4152-1536x1223.jpg 1536w, https:\/\/anaferrazflute.com\/wp-content\/uploads\/2023\/11\/JST_4152.jpg 1600w\" sizes=\"(max-width: 300px) 100vw, 300px\" \/>\t\t\t\t\t\t\t\t\t\t\t\t\t\t\t<\/div>\n\t\t\t\t<\/div>\n\t\t\t\t\t<\/div>\n\t\t<\/div>\n\t\t\t\t<div class=\"elementor-column elementor-col-20 elementor-top-column elementor-element elementor-element-7ecdd38\" data-id=\"7ecdd38\" data-element_type=\"column\">\n\t\t\t<div class=\"elementor-widget-wrap elementor-element-populated\">\n\t\t\t\t\t\t\t\t<div class=\"elementor-element elementor-element-c3a56fb elementor-widget elementor-widget-image\" data-id=\"c3a56fb\" data-element_type=\"widget\" data-widget_type=\"image.default\">\n\t\t\t\t<div class=\"elementor-widget-container\">\n\t\t\t\t\t\t\t\t\t\t\t\t\t\t\t<img decoding=\"async\" width=\"1266\" height=\"1536\" src=\"https:\/\/anaferrazflute.com\/wp-content\/uploads\/2023\/11\/Captura-de-ecra-2023-11-13-as-21.34.29-min-1266x1536.png\" class=\"attachment-1536x1536 size-1536x1536 wp-image-798\" alt=\"\" srcset=\"https:\/\/anaferrazflute.com\/wp-content\/uploads\/2023\/11\/Captura-de-ecra-2023-11-13-as-21.34.29-min-1266x1536.png 1266w, https:\/\/anaferrazflute.com\/wp-content\/uploads\/2023\/11\/Captura-de-ecra-2023-11-13-as-21.34.29-min-247x300.png 247w, https:\/\/anaferrazflute.com\/wp-content\/uploads\/2023\/11\/Captura-de-ecra-2023-11-13-as-21.34.29-min-844x1024.png 844w, https:\/\/anaferrazflute.com\/wp-content\/uploads\/2023\/11\/Captura-de-ecra-2023-11-13-as-21.34.29-min-768x932.png 768w, https:\/\/anaferrazflute.com\/wp-content\/uploads\/2023\/11\/Captura-de-ecra-2023-11-13-as-21.34.29-min.png 1414w\" sizes=\"(max-width: 1266px) 100vw, 1266px\" \/>\t\t\t\t\t\t\t\t\t\t\t\t\t\t\t<\/div>\n\t\t\t\t<\/div>\n\t\t\t\t\t<\/div>\n\t\t<\/div>\n\t\t\t\t<div class=\"elementor-column elementor-col-20 elementor-top-column elementor-element elementor-element-7a57aa3\" data-id=\"7a57aa3\" data-element_type=\"column\">\n\t\t\t<div class=\"elementor-widget-wrap elementor-element-populated\">\n\t\t\t\t\t\t\t\t<div class=\"elementor-element elementor-element-e34ff9e elementor-widget elementor-widget-image\" data-id=\"e34ff9e\" data-element_type=\"widget\" data-widget_type=\"image.default\">\n\t\t\t\t<div class=\"elementor-widget-container\">\n\t\t\t\t\t\t\t\t\t\t\t\t\t\t\t<img decoding=\"async\" width=\"1692\" height=\"1326\" src=\"https:\/\/anaferrazflute.com\/wp-content\/uploads\/2023\/11\/Captura-de-ecra-2023-11-13-as-21.35.27-min.png\" class=\"attachment-full size-full wp-image-800\" alt=\"\" srcset=\"https:\/\/anaferrazflute.com\/wp-content\/uploads\/2023\/11\/Captura-de-ecra-2023-11-13-as-21.35.27-min.png 1692w, https:\/\/anaferrazflute.com\/wp-content\/uploads\/2023\/11\/Captura-de-ecra-2023-11-13-as-21.35.27-min-300x235.png 300w, https:\/\/anaferrazflute.com\/wp-content\/uploads\/2023\/11\/Captura-de-ecra-2023-11-13-as-21.35.27-min-1024x802.png 1024w, https:\/\/anaferrazflute.com\/wp-content\/uploads\/2023\/11\/Captura-de-ecra-2023-11-13-as-21.35.27-min-768x602.png 768w, https:\/\/anaferrazflute.com\/wp-content\/uploads\/2023\/11\/Captura-de-ecra-2023-11-13-as-21.35.27-min-1536x1204.png 1536w\" sizes=\"(max-width: 1692px) 100vw, 1692px\" \/>\t\t\t\t\t\t\t\t\t\t\t\t\t\t\t<\/div>\n\t\t\t\t<\/div>\n\t\t\t\t\t<\/div>\n\t\t<\/div>\n\t\t\t\t<div class=\"elementor-column elementor-col-20 elementor-top-column elementor-element elementor-element-c71a635\" data-id=\"c71a635\" data-element_type=\"column\">\n\t\t\t<div class=\"elementor-widget-wrap elementor-element-populated\">\n\t\t\t\t\t\t\t\t<div class=\"elementor-element elementor-element-24e13a7 elementor-widget elementor-widget-image\" data-id=\"24e13a7\" data-element_type=\"widget\" data-widget_type=\"image.default\">\n\t\t\t\t<div class=\"elementor-widget-container\">\n\t\t\t\t\t\t\t\t\t\t\t\t\t\t\t<img loading=\"lazy\" decoding=\"async\" width=\"1600\" height=\"1067\" src=\"https:\/\/anaferrazflute.com\/wp-content\/uploads\/2023\/11\/E3A4906.jpg\" class=\"attachment-full size-full wp-image-802\" alt=\"\" srcset=\"https:\/\/anaferrazflute.com\/wp-content\/uploads\/2023\/11\/E3A4906.jpg 1600w, https:\/\/anaferrazflute.com\/wp-content\/uploads\/2023\/11\/E3A4906-300x200.jpg 300w, https:\/\/anaferrazflute.com\/wp-content\/uploads\/2023\/11\/E3A4906-1024x683.jpg 1024w, https:\/\/anaferrazflute.com\/wp-content\/uploads\/2023\/11\/E3A4906-768x512.jpg 768w, https:\/\/anaferrazflute.com\/wp-content\/uploads\/2023\/11\/E3A4906-1536x1024.jpg 1536w\" sizes=\"(max-width: 1600px) 100vw, 1600px\" \/>\t\t\t\t\t\t\t\t\t\t\t\t\t\t\t<\/div>\n\t\t\t\t<\/div>\n\t\t\t\t\t<\/div>\n\t\t<\/div>\n\t\t\t\t<div class=\"elementor-column elementor-col-20 elementor-top-column elementor-element elementor-element-a4a5c19\" data-id=\"a4a5c19\" data-element_type=\"column\">\n\t\t\t<div class=\"elementor-widget-wrap elementor-element-populated\">\n\t\t\t\t\t\t\t\t<div class=\"elementor-element elementor-element-1e84fb4 elementor-widget elementor-widget-image\" data-id=\"1e84fb4\" data-element_type=\"widget\" data-widget_type=\"image.default\">\n\t\t\t\t<div class=\"elementor-widget-container\">\n\t\t\t\t\t\t\t\t\t\t\t\t\t\t\t<img loading=\"lazy\" decoding=\"async\" width=\"296\" height=\"294\" src=\"https:\/\/anaferrazflute.com\/wp-content\/uploads\/2023\/11\/ComingSoon.png\" class=\"attachment-full size-full wp-image-8\" alt=\"\" srcset=\"https:\/\/anaferrazflute.com\/wp-content\/uploads\/2023\/11\/ComingSoon.png 296w, https:\/\/anaferrazflute.com\/wp-content\/uploads\/2023\/11\/ComingSoon-150x150.png 150w\" sizes=\"(max-width: 296px) 100vw, 296px\" \/>\t\t\t\t\t\t\t\t\t\t\t\t\t\t\t<\/div>\n\t\t\t\t<\/div>\n\t\t\t\t\t<\/div>\n\t\t<\/div>\n\t\t\t\t\t\t\t<\/div>\n\t\t<\/section>\n\t\t\t\t\t\t\t<\/div>\n\t\t","protected":false},"excerpt":{"rendered":"<p>Biography One of the most Promising Flute players from her generation Ana is a Portuguese flute player better known her deep dark sound and her strong stage presence. Ana is &hellip;<\/p>\n<p class=\"read-more\"> <a class=\"\" href=\"https:\/\/anaferrazflute.com\/index.php\/biography\/\"> <span class=\"screen-reader-text\">Biography<\/span> Read More &raquo;<\/a><\/p>\n","protected":false},"author":1,"featured_media":0,"parent":0,"menu_order":0,"comment_status":"closed","ping_status":"closed","template":"","meta":{"_uag_custom_page_level_css":"","site-sidebar-layout":"no-sidebar","site-content-layout":"page-builder","ast-site-content-layout":"","site-content-style":"default","site-sidebar-style":"default","ast-global-header-display":"","ast-banner-title-visibility":"","ast-main-header-display":"","ast-hfb-above-header-display":"","ast-hfb-below-header-display":"","ast-hfb-mobile-header-display":"","site-post-title":"disabled","ast-breadcrumbs-content":"disabled","ast-featured-img":"disabled","footer-sml-layout":"","theme-transparent-header-meta":"enabled","adv-header-id-meta":"","stick-header-meta":"","header-above-stick-meta":"","header-main-stick-meta":"","header-below-stick-meta":"","astra-migrate-meta-layouts":"","ast-page-background-enabled":"default","ast-page-background-meta":{"desktop":{"background-color":"","background-image":"","background-repeat":"repeat","background-position":"center center","background-size":"auto","background-attachment":"scroll","background-type":"","background-media":"","overlay-type":"","overlay-color":"","overlay-gradient":""},"tablet":{"background-color":"","background-image":"","background-repeat":"repeat","background-position":"center center","background-size":"auto","background-attachment":"scroll","background-type":"","background-media":"","overlay-type":"","overlay-color":"","overlay-gradient":""},"mobile":{"background-color":"","background-image":"","background-repeat":"repeat","background-position":"center center","background-size":"auto","background-attachment":"scroll","background-type":"","background-media":"","overlay-type":"","overlay-color":"","overlay-gradient":""}},"ast-content-background-meta":{"desktop":{"background-color":"var(--ast-global-color-5)","background-image":"","background-repeat":"repeat","background-position":"center center","background-size":"auto","background-attachment":"scroll","background-type":"","background-media":"","overlay-type":"","overlay-color":"","overlay-gradient":""},"tablet":{"background-color":"var(--ast-global-color-5)","background-image":"","background-repeat":"repeat","background-position":"center center","background-size":"auto","background-attachment":"scroll","background-type":"","background-media":"","overlay-type":"","overlay-color":"","overlay-gradient":""},"mobile":{"background-color":"var(--ast-global-color-5)","background-image":"","background-repeat":"repeat","background-position":"center center","background-size":"auto","background-attachment":"scroll","background-type":"","background-media":"","overlay-type":"","overlay-color":"","overlay-gradient":""}},"_EventAllDay":false,"_EventTimezone":"","_EventStartDate":"","_EventEndDate":"","_EventStartDateUTC":"","_EventEndDateUTC":"","_EventShowMap":false,"_EventShowMapLink":false,"_EventURL":"","_EventCost":"","_EventCostDescription":"","_EventCurrencySymbol":"","_EventCurrencyCode":"","_EventCurrencyPosition":"","_EventDateTimeSeparator":"","_EventTimeRangeSeparator":"","_EventOrganizerID":[],"_EventVenueID":[],"_OrganizerEmail":"","_OrganizerPhone":"","_OrganizerWebsite":"","_VenueAddress":"","_VenueCity":"","_VenueCountry":"","_VenueProvince":"","_VenueState":"","_VenueZip":"","_VenuePhone":"","_VenueURL":"","_VenueStateProvince":"","_VenueLat":"","_VenueLng":"","_VenueShowMap":false,"_VenueShowMapLink":false,"footnotes":""},"class_list":["post-394","page","type-page","status-publish","hentry"],"uagb_featured_image_src":{"full":false,"thumbnail":false,"medium":false,"medium_large":false,"large":false,"1536x1536":false,"2048x2048":false},"uagb_author_info":{"display_name":"admin","author_link":"https:\/\/anaferrazflute.com\/index.php\/author\/anaferr3\/"},"uagb_comment_info":0,"uagb_excerpt":"Biography One of the most Promising Flute players from her generation Ana is a Portuguese flute player better known her deep dark sound and her strong stage presence. Ana is &hellip; Biography Read More &raquo;","_links":{"self":[{"href":"https:\/\/anaferrazflute.com\/index.php\/wp-json\/wp\/v2\/pages\/394","targetHints":{"allow":["GET"]}}],"collection":[{"href":"https:\/\/anaferrazflute.com\/index.php\/wp-json\/wp\/v2\/pages"}],"about":[{"href":"https:\/\/anaferrazflute.com\/index.php\/wp-json\/wp\/v2\/types\/page"}],"author":[{"embeddable":true,"href":"https:\/\/anaferrazflute.com\/index.php\/wp-json\/wp\/v2\/users\/1"}],"replies":[{"embeddable":true,"href":"https:\/\/anaferrazflute.com\/index.php\/wp-json\/wp\/v2\/comments?post=394"}],"version-history":[{"count":14,"href":"https:\/\/anaferrazflute.com\/index.php\/wp-json\/wp\/v2\/pages\/394\/revisions"}],"predecessor-version":[{"id":895,"href":"https:\/\/anaferrazflute.com\/index.php\/wp-json\/wp\/v2\/pages\/394\/revisions\/895"}],"wp:attachment":[{"href":"https:\/\/anaferrazflute.com\/index.php\/wp-json\/wp\/v2\/media?parent=394"}],"curies":[{"name":"wp","href":"https:\/\/api.w.org\/{rel}","templated":true}]}}